{"id":14238,"date":"2024-03-07T12:58:36","date_gmt":"2024-03-07T12:58:36","guid":{"rendered":"https:\/\/www.dolcepack.com\/privacy-policy\/"},"modified":"2025-03-18T08:38:56","modified_gmt":"2025-03-18T08:38:56","slug":"privacy-policy","status":"publish","type":"page","link":"https:\/\/www.dolcepack.com\/it\/privacy-policy\/","title":{"rendered":"Privacy Policy"},"content":{"rendered":"\n<p><a href=\"http:\/\/www.dolcepack.com\">www.dolcepack.com<\/a> informa che i dati raccolti su questo sito web saranno trattati secondo i principi di correttezza, liceit\u00e0 e trasparenza, garantendo la tutela della privacy e dei diritti degli utenti. Il trattamento sar\u00e0 effettuato come segue:<\/p>\n\n\n\n<h2 class=\"wp-block-heading\"><strong>Raccolta dei Dati e Finalit\u00e0 del Trattamento<\/strong><\/h2>\n\n\n\n<p>La raccolta e il trattamento dei dati sono effettuati da <strong>DolcePack Sagl<\/strong> \u2013 Via alla Stampa 15, 6955 Lugano \u2013 Cadro, Svizzera \u2013 esclusivamente per fornire le informazioni richieste.<\/p>\n\n\n\n<h2 class=\"wp-block-heading\"><strong>Modalit\u00e0 di Trattamento \u2013 Personale Autorizzato<\/strong><\/h2>\n\n\n\n<p>Il trattamento dei dati per le finalit\u00e0 sopra indicate avverr\u00e0 mediante strumenti informatici, nel rispetto delle norme di riservatezza e sicurezza previste dalla legge. I dati potranno essere trattati, per conto di DolcePack Sagl, da personale incaricato della gestione clienti\/fornitori o da personale addetto alla manutenzione del sistema informatico. Il responsabile del trattamento sar\u00e0 Andrea Ferrari.<\/p>\n\n\n\n<h2 class=\"wp-block-heading\"><strong>Finalit\u00e0 dei Dati Raccolti<\/strong><\/h2>\n\n\n\n<p>I dati raccolti saranno utilizzati per fornire i servizi richiesti, sia di carattere informativo che connessi a servizi accessori. I dati raccolti tramite moduli di richiesta informazioni saranno utilizzati esclusivamente per erogare il servizio richiesto o per rispondere alle richieste dell&#8217;utente.<\/p>\n\n\n\n<p>Se viene fornito il consenso per ricevere aggiornamenti sulle attivit\u00e0 di www.dolcepack.com, i dati potranno essere inseriti in database di terze parti per la fornitura del servizio di newsletter. In caso di raccolta dati tramite il portale, tale raccolta sar\u00e0 espressamente indicata tramite un meccanismo di approvazione con flag di conferma. In nessun caso, senza un&#8217;esplicita approvazione per l&#8217;iscrizione a un servizio specifico, l&#8217;utente sar\u00e0 iscritto senza il proprio consenso espresso (es. le informazioni raccolte tramite i moduli di contatto non potranno essere utilizzate per l&#8217;invio di newsletter; sar\u00e0 richiesto un consenso separato ed esplicito).<\/p>\n\n\n\n<p>Per i servizi di e-commerce, il portale potr\u00e0 utilizzare i dati di navigazione dell&#8217;utente per personalizzare l&#8217;offerta in base alle preferenze precedentemente espresse. Tali dati non saranno condivisi con terzi e saranno utilizzati esclusivamente per migliorare l&#8217;esperienza utente.<\/p>\n\n\n\n<h2 class=\"wp-block-heading\"><strong>Conferimento dei Dati<\/strong><\/h2>\n\n\n\n<p>L&#8217;utente \u00e8 libero di fornire i dati personali come indicato nel modulo di richiesta. Il mancato conferimento di tali dati comporter\u00e0 l&#8217;impossibilit\u00e0 di ottenere il servizio richiesto e di erogare i servizi che l&#8217;utente desidera richiedere.<\/p>\n\n\n\n<h2 class=\"wp-block-heading\"><strong>Comunicazione dei Dati<\/strong><\/h2>\n\n\n\n<p>Nessun dato derivante dal servizio web viene comunicato o diffuso a terzi. Se l&#8217;utente si iscrive ai servizi di newsletter o alle comunicazioni continuative di DolcePack Sagl, la piattaforma utilizzata per tale scopo sar\u00e0 indicata in un aggiornamento della presente informativa. Tale piattaforma sar\u00e0 selezionata in conformit\u00e0 con la normativa europea GDPR.<\/p>\n\n\n\n<p>I dati raccolti su tale servizio di terze parti saranno protetti da elevati standard di sicurezza e saranno utilizzati da DolcePack Sagl per migliorare il servizio al quale il cliente si \u00e8 liberamente iscritto. L&#8217;utente potr\u00e0 richiedere in qualsiasi momento una copia e\/o la cancellazione dei propri dati raccolti tramite questo servizio scrivendo a <a href=\"mailto:idea@dolcepack.com\">idea@dolcepack.com<\/a>. In nessun caso DolcePack Sagl fornir\u00e0 tali dati a terzi per finalit\u00e0 informative, di analisi di mercato, pubblicitarie o altre finalit\u00e0.<\/p>\n\n\n\n<h2 class=\"wp-block-heading\"><strong>Sicurezza e Conservazione dei Dati<\/strong><\/h2>\n\n\n\n<p>I dati del sito web sono archiviati su piattaforme Iweblab, conformi a elevati standard di sicurezza, incluso l&#8217;uso di un certificato SSL installato sul dominio. Il certificato SSL autentica il server e consente al browser di stabilire che il certificato \u00e8 valido e che il server \u00e8 affidabile. I dati scambiati tra il server e il browser saranno quindi crittografati e non leggibili.<\/p>\n\n\n\n<p>Tutti i dati raccolti sono anonimi e vengono utilizzati per offrire all&#8217;utente una migliore esperienza di navigazione. Tali dati anonimi vengono altres\u00ec utilizzati tramite Google Analytics per monitorare le prestazioni dei servizi offerti. In nessun caso tali dati anonimi saranno condivisi con terzi.<\/p>\n\n\n\n<p>Nel caso di iscrizione a servizi continuativi (come newsletter), i dati saranno conservati attraverso servizi di terze parti scelti in conformit\u00e0 con la normativa GDPR. L&#8217;utente potr\u00e0 consultare le normative di tali servizi visitando il relativo portale, che sar\u00e0 indicato in questo documento. Qualora la normativa sul trattamento dei dati subisca modifiche, DolcePack Sagl informer\u00e0 l&#8217;utente (qualora i suoi dati non siano gi\u00e0 stati cancellati) e l&#8217;utente potr\u00e0 richiedere la cancellazione del servizio e dei relativi dati.<\/p>\n\n\n\n<p>Nel caso di registrazione sul portale mediante username e password, i dati di registrazione saranno conservati in modo sicuro sulla piattaforma e non saranno comunicati a terzi.<\/p>\n\n\n\n<h2 class=\"wp-block-heading\"><strong>Durata della Conservazione dei Dati<\/strong><\/h2>\n\n\n\n<p>Per i servizi direttamente connessi alla navigazione, a causa della natura anonima dei dati, non \u00e8 prevista una cancellazione automatica. Tuttavia, l&#8217;utente pu\u00f2 richiedere, conformemente alle normative, la verifica e la cancellazione dei propri dati conservati sui server del sito scrivendo a <a href=\"mailto:idea@dolcepack.com\">idea@dolcepack.com<\/a>. L&#8217;utente dovr\u00e0 fornire le informazioni necessarie per rintracciare i propri dati ed evitare di ottenere dati di altri utenti.<\/p>\n\n\n\n<p>Per i servizi di richiesta informazioni, i dati saranno conservati per il tempo necessario a fornire il servizio richiesto e, se necessario, per mantenere il contatto con l&#8217;utente in caso di ulteriori richieste. In qualsiasi momento l&#8217;utente potr\u00e0 richiedere una copia dei dati raccolti e\/o la loro cancellazione.<\/p>\n\n\n\n<p>Per i servizi di registrazione al portale e di e-commerce (se presenti), il periodo di conservazione \u00e8 legato alla volont\u00e0 dell&#8217;utente di rimanere iscritto al portale. I dati saranno conservati esclusivamente per l&#8217;utilizzo dei servizi offerti e per facilitare gli acquisti. L&#8217;utente potr\u00e0 in ogni momento richiedere una copia dei dati raccolti e\/o la loro cancellazione scrivendo a <a href=\"mailto:idea@dolcepack.com\">idea@dolcepack.com<\/a>.<\/p>\n\n\n\n<p>Per i servizi in abbonamento (newsletter, area riservata, e-commerce), l&#8217;utente potr\u00e0 disiscriversi in qualsiasi momento tramite il portale o attraverso un&#8217;email ricevuta (nel caso delle newsletter).<\/p>\n\n\n\n<h2 class=\"wp-block-heading\"><strong>Diritti dell&#8217;Interessato<\/strong><\/h2>\n\n\n\n<p>DolcePack Sagl si impegna a informare l&#8217;autorit\u00e0 di protezione dei dati, in conformit\u00e0 con la normativa GDPR, e l&#8217;utente in caso di violazione della sicurezza e perdita di dati sensibili, indicando tutte le procedure adottate per risolvere il problema e prevenirne il ripetersi.<\/p>\n\n\n\n<h2 class=\"wp-block-heading\"><strong>Titolare e Responsabile del Trattamento<\/strong><\/h2>\n\n\n\n<p>Il titolare del trattamento dei dati \u00e8 DolcePack Sagl.<\/p>\n","protected":false},"excerpt":{"rendered":"<p>www.dolcepack.com informa che i dati raccolti su questo sito web saranno trattati secondo i principi di correttezza, liceit\u00e0 e trasparenza, garantendo la tutela della privacy e dei diritti degli utenti. Il trattamento sar\u00e0 effettuato come segue: Raccolta dei Dati e Finalit\u00e0 del Trattamento La raccolta e il trattamento dei dati sono effettuati da DolcePack Sagl \u2013 Via alla Stampa 15, 6955 Lugano \u2013 Cadro, Svizzera&#8230; <\/p>\n<p class=\"more\"><a class=\"more-link\" href=\"https:\/\/www.dolcepack.com\/it\/privacy-policy\/\">Read More<\/a><\/p>\n","protected":false},"author":2,"featured_media":0,"parent":0,"menu_order":0,"comment_status":"closed","ping_status":"open","template":"","meta":{"inline_featured_image":false,"_vp_format_video_url":"","_vp_image_focal_point":[],"footnotes":""},"class_list":["post-14238","page","type-page","status-publish","hentry","is-cat-link-solid is-cat-link-rounded"],"yoast_head":"<!-- This site is optimized with the Yoast SEO plugin v27.0 - https:\/\/yoast.com\/product\/yoast-seo-wordpress\/ -->\n<title>Privacy Policy - DolcePack<\/title>\n<meta name=\"robots\" content=\"index, follow, max-snippet:-1, max-image-preview:large, max-video-preview:-1\" \/>\n<link rel=\"canonical\" href=\"https:\/\/www.dolcepack.com\/it\/privacy-policy\/\" \/>\n<meta property=\"og:locale\" content=\"it_IT\" \/>\n<meta property=\"og:type\" content=\"article\" \/>\n<meta property=\"og:title\" content=\"Privacy Policy - DolcePack\" \/>\n<meta property=\"og:description\" content=\"www.dolcepack.com informa che i dati raccolti su questo sito web saranno trattati secondo i principi di correttezza, liceit\u00e0 e trasparenza, garantendo la tutela della privacy e dei diritti degli utenti. Il trattamento sar\u00e0 effettuato come segue: Raccolta dei Dati e Finalit\u00e0 del Trattamento La raccolta e il trattamento dei dati sono effettuati da DolcePack Sagl \u2013 Via alla Stampa 15, 6955 Lugano \u2013 Cadro, Svizzera... Read More\" \/>\n<meta property=\"og:url\" content=\"https:\/\/www.dolcepack.com\/it\/privacy-policy\/\" \/>\n<meta property=\"og:site_name\" content=\"DolcePack\" \/>\n<meta property=\"article:modified_time\" content=\"2025-03-18T08:38:56+00:00\" \/>\n<meta name=\"twitter:card\" content=\"summary_large_image\" \/>\n<meta name=\"twitter:label1\" content=\"Tempo di lettura stimato\" \/>\n\t<meta name=\"twitter:data1\" content=\"5 minuti\" \/>\n<!-- \/ Yoast SEO plugin. -->","yoast_head_json":{"title":"Privacy Policy - DolcePack","robots":{"index":"index","follow":"follow","max-snippet":"max-snippet:-1","max-image-preview":"max-image-preview:large","max-video-preview":"max-video-preview:-1"},"canonical":"https:\/\/www.dolcepack.com\/it\/privacy-policy\/","og_locale":"it_IT","og_type":"article","og_title":"Privacy Policy - DolcePack","og_description":"www.dolcepack.com informa che i dati raccolti su questo sito web saranno trattati secondo i principi di correttezza, liceit\u00e0 e trasparenza, garantendo la tutela della privacy e dei diritti degli utenti. Il trattamento sar\u00e0 effettuato come segue: Raccolta dei Dati e Finalit\u00e0 del Trattamento La raccolta e il trattamento dei dati sono effettuati da DolcePack Sagl \u2013 Via alla Stampa 15, 6955 Lugano \u2013 Cadro, Svizzera... Read More","og_url":"https:\/\/www.dolcepack.com\/it\/privacy-policy\/","og_site_name":"DolcePack","article_modified_time":"2025-03-18T08:38:56+00:00","twitter_card":"summary_large_image","twitter_misc":{"Tempo di lettura stimato":"5 minuti"},"schema":{"@context":"https:\/\/schema.org","@graph":[{"@type":"WebPage","@id":"https:\/\/www.dolcepack.com\/it\/privacy-policy\/","url":"https:\/\/www.dolcepack.com\/it\/privacy-policy\/","name":"Privacy Policy - DolcePack","isPartOf":{"@id":"https:\/\/www.dolcepack.com\/it\/#website"},"datePublished":"2024-03-07T12:58:36+00:00","dateModified":"2025-03-18T08:38:56+00:00","breadcrumb":{"@id":"https:\/\/www.dolcepack.com\/it\/privacy-policy\/#breadcrumb"},"inLanguage":"it-IT","potentialAction":[{"@type":"ReadAction","target":["https:\/\/www.dolcepack.com\/it\/privacy-policy\/"]}]},{"@type":"BreadcrumbList","@id":"https:\/\/www.dolcepack.com\/it\/privacy-policy\/#breadcrumb","itemListElement":[{"@type":"ListItem","position":1,"name":"Home","item":"https:\/\/www.dolcepack.com\/it\/"},{"@type":"ListItem","position":2,"name":"Privacy Policy"}]},{"@type":"WebSite","@id":"https:\/\/www.dolcepack.com\/it\/#website","url":"https:\/\/www.dolcepack.com\/it\/","name":"DolcePack","description":"Packaging Machinery","publisher":{"@id":"https:\/\/www.dolcepack.com\/it\/#organization"},"potentialAction":[{"@type":"SearchAction","target":{"@type":"EntryPoint","urlTemplate":"https:\/\/www.dolcepack.com\/it\/?s={search_term_string}"},"query-input":{"@type":"PropertyValueSpecification","valueRequired":true,"valueName":"search_term_string"}}],"inLanguage":"it-IT"},{"@type":"Organization","@id":"https:\/\/www.dolcepack.com\/it\/#organization","name":"DolcePack Sagl","url":"https:\/\/www.dolcepack.com\/it\/","logo":{"@type":"ImageObject","inLanguage":"it-IT","@id":"https:\/\/www.dolcepack.com\/it\/#\/schema\/logo\/image\/","url":"https:\/\/www.dolcepack.com\/wp-content\/uploads\/2024\/04\/DolcePack-logo-header.png","contentUrl":"https:\/\/www.dolcepack.com\/wp-content\/uploads\/2024\/04\/DolcePack-logo-header.png","width":400,"height":78,"caption":"DolcePack Sagl"},"image":{"@id":"https:\/\/www.dolcepack.com\/it\/#\/schema\/logo\/image\/"},"sameAs":["https:\/\/www.linkedin.com\/company\/dolcepack"]}]}},"_links":{"self":[{"href":"https:\/\/www.dolcepack.com\/it\/wp-json\/wp\/v2\/pages\/14238","targetHints":{"allow":["GET"]}}],"collection":[{"href":"https:\/\/www.dolcepack.com\/it\/wp-json\/wp\/v2\/pages"}],"about":[{"href":"https:\/\/www.dolcepack.com\/it\/wp-json\/wp\/v2\/types\/page"}],"author":[{"embeddable":true,"href":"https:\/\/www.dolcepack.com\/it\/wp-json\/wp\/v2\/users\/2"}],"replies":[{"embeddable":true,"href":"https:\/\/www.dolcepack.com\/it\/wp-json\/wp\/v2\/comments?post=14238"}],"version-history":[{"count":3,"href":"https:\/\/www.dolcepack.com\/it\/wp-json\/wp\/v2\/pages\/14238\/revisions"}],"predecessor-version":[{"id":14818,"href":"https:\/\/www.dolcepack.com\/it\/wp-json\/wp\/v2\/pages\/14238\/revisions\/14818"}],"wp:attachment":[{"href":"https:\/\/www.dolcepack.com\/it\/wp-json\/wp\/v2\/media?parent=14238"}],"curies":[{"name":"wp","href":"https:\/\/api.w.org\/{rel}","templated":true}]}}